{"id":2443,"date":"2023-11-20T13:03:27","date_gmt":"2023-11-20T12:03:27","guid":{"rendered":"https:\/\/parkingpro.eu\/zarejestruj-sie\/"},"modified":"2025-10-22T08:46:11","modified_gmt":"2025-10-22T06:46:11","slug":"zarejestruj-sie","status":"publish","type":"page","link":"https:\/\/parkingpro.eu\/pl\/zarejestruj-sie\/","title":{"rendered":"Zarejestruj si\u0119"},"content":{"rendered":"\t\t<div data-elementor-type=\"wp-page\" data-elementor-id=\"2443\" class=\"elementor elementor-2443 elementor-65\" data-elementor-post-type=\"page\">\n\t\t\t\t<div data-particle_enable=\"false\" data-particle-mobile-disabled=\"false\" class=\"elementor-element elementor-element-4565f1b e-con-full e-flex e-con e-parent\" data-id=\"4565f1b\" data-element_type=\"container\" data-e-type=\"container\" data-settings=\"{&quot;background_background&quot;:&quot;gradient&quot;}\">\n\t\t<div data-particle_enable=\"false\" data-particle-mobile-disabled=\"false\" class=\"elementor-element elementor-element-2d6907e e-con-full e-flex e-con e-child\" data-id=\"2d6907e\" data-element_type=\"container\" data-e-type=\"container\">\n\t\t\t\t<div class=\"elementor-element elementor-element-06fadc9 elementor-widget elementor-widget-heading\" data-id=\"06fadc9\" data-element_type=\"widget\" data-e-type=\"widget\" data-widget_type=\"heading.default\">\n\t\t\t\t<div class=\"elementor-widget-container\">\n\t\t\t\t\t<h1 class=\"elementor-heading-title elementor-size-default\">Zarejestruj si\u0119<\/h1>\t\t\t\t<\/div>\n\t\t\t\t<\/div>\n\t\t\t\t<div class=\"elementor-element elementor-element-d7aba16 elementor-widget elementor-widget-text-editor\" data-id=\"d7aba16\" data-element_type=\"widget\" data-e-type=\"widget\" data-widget_type=\"text-editor.default\">\n\t\t\t\t<div class=\"elementor-widget-container\">\n\t\t\t\t\t\t\t\t\t<p>Wype\u0142nij poni\u017cszy formularz, aby zarejestrowa\u0107 si\u0119 w us\u0142ugach ParkingPro. <\/p>\t\t\t\t\t\t\t\t<\/div>\n\t\t\t\t<\/div>\n\t\t\t\t<div class=\"elementor-element elementor-element-b7a325d elementor-widget__width-initial elementor-widget elementor-widget-html\" data-id=\"b7a325d\" data-element_type=\"widget\" data-e-type=\"widget\" data-widget_type=\"html.default\">\n\t\t\t\t<div class=\"elementor-widget-container\">\n\t\t\t\t\t<div class=\"pipedriveWebForms\" data-pd-webforms=\"https:\/\/webforms.pipedrive.com\/f\/73N7uKBz3C6v2uAEceepauiSuFmbmthm1yVDPTVZewO7nZ2vgdt7VeTj9e6GHEAMKf\"><script src=\"https:\/\/webforms.pipedrive.com\/f\/loader\"><\/script><\/div>\t\t\t\t<\/div>\n\t\t\t\t<\/div>\n\t\t\t\t<\/div>\n\t\t\t\t<\/div>\n\t\t\t\t<\/div>\n\t\t","protected":false},"excerpt":{"rendered":"<p>Zarejestruj si\u0119 Wype\u0142nij poni\u017cszy formularz, aby zarejestrowa\u0107 si\u0119 w us\u0142ugach ParkingPro.<\/p>\n","protected":false},"author":2,"featured_media":0,"parent":0,"menu_order":0,"comment_status":"closed","ping_status":"closed","template":"","meta":{"_monsterinsights_skip_tracking":false,"_monsterinsights_sitenote_active":false,"_monsterinsights_sitenote_note":"","_monsterinsights_sitenote_category":0,"footnotes":""},"class_list":["post-2443","page","type-page","status-publish","hentry"],"_links":{"self":[{"href":"https:\/\/parkingpro.eu\/pl\/wp-json\/wp\/v2\/pages\/2443","targetHints":{"allow":["GET"]}}],"collection":[{"href":"https:\/\/parkingpro.eu\/pl\/wp-json\/wp\/v2\/pages"}],"about":[{"href":"https:\/\/parkingpro.eu\/pl\/wp-json\/wp\/v2\/types\/page"}],"author":[{"embeddable":true,"href":"https:\/\/parkingpro.eu\/pl\/wp-json\/wp\/v2\/users\/2"}],"replies":[{"embeddable":true,"href":"https:\/\/parkingpro.eu\/pl\/wp-json\/wp\/v2\/comments?post=2443"}],"version-history":[{"count":2,"href":"https:\/\/parkingpro.eu\/pl\/wp-json\/wp\/v2\/pages\/2443\/revisions"}],"predecessor-version":[{"id":2518,"href":"https:\/\/parkingpro.eu\/pl\/wp-json\/wp\/v2\/pages\/2443\/revisions\/2518"}],"wp:attachment":[{"href":"https:\/\/parkingpro.eu\/pl\/wp-json\/wp\/v2\/media?parent=2443"}],"curies":[{"name":"wp","href":"https:\/\/api.w.org\/{rel}","templated":true}]}}